{"id":398,"date":"2016-03-25T14:48:11","date_gmt":"2016-03-25T14:48:11","guid":{"rendered":"https:\/\/poessa-foods.com\/?page_id=398"},"modified":"2017-03-14T01:33:32","modified_gmt":"2017-03-13T16:33:32","slug":"about-us","status":"publish","type":"page","link":"https:\/\/poessa-foods.com\/es\/about-us","title":{"rendered":"Empresa"},"content":{"rendered":"[vc_row css=\u00bb.vc_custom_1459769546628{margin-top: 0.7em !important;margin-bottom: 0.6em !important;}\u00bb][vc_column]<div id=\"sc_call_to_action_327649956\" class=\"sc_call_to_action sc_call_to_action_style_2 sc_call_to_action_align_center margin_top_huge margin_bottom_large\" style=\"width:100%;\"><div class=\"sc_call_to_action_info\"><h6 class=\"sc_call_to_action_subtitle sc_item_subtitle\">Bienvenido<\/h6><h3 class=\"sc_call_to_action_title sc_item_title\">Grupo Poessa Cegasa es uno de los mayores distribuidores de productos de consumo en Espa\u00f1a, gozamos de buena reputaci\u00f3n y el respeto de nuestros clientes conseguido tras a\u00f1os de buen servicio. En 2014 comenzamos en Jap\u00f3n la distribuci\u00f3n y desarrollo de productos de alimentaci\u00f3n Gourmet para restaurantes y hoteles.<\/h3><\/div><div class=\"sc_call_to_action_buttons sc_item_buttons\"><div class=\"sc_call_to_action_button sc_item_button\"><a href=\"\/category\/press\" class=\"sc_button sc_button_square sc_button_style_filled sc_button_size_small\">PRENSA<\/a><\/div><\/div><\/div>[\/vc_column][\/vc_row][vc_row css=\u00bb.vc_custom_1459866450633{margin-bottom: 0.3em !important;}\u00bb][vc_column]<div class=\"sc_content content_wrap margin_bottom_huge\"><div class=\"sc_promo sc_promo_size_large\"><div class=\"sc_promo_inner\"><div class=\"sc_promo_image\" style=\"background-image:url(https:\/\/poessa-foods.com\/wp-content\/uploads\/2016\/03\/shopping-supermarket-5-final.png);width:43%;left: 0;\"><\/div><div class=\"sc_promo_block sc_align_left\" style=\"width: 57%; float: right;\"><div class=\"sc_promo_block_inner\"><h2 class=\"sc_promo_title sc_item_title\">History & Awards<\/h2><div class=\"sc_promo_content\"><div id=\"sc_tabs_162080428\" class=\"sc_tabs sc_tabs_style_3 margin_bottom_superhuge\" style=\"margin-top: -0.4rem;\" data-active=\"0\"><ul class=\"sc_tabs_titles\"><li class=\"sc_tabs_title first\"><a href=\"#sc_tab_1459838138_1_77\" class=\"theme_button\" id=\"sc_tab_1459838138_1_77_tab\">1934<\/a><\/li><li class=\"sc_tabs_title\"><a href=\"#sc_tab_1459838138_2_6\" class=\"theme_button\" id=\"sc_tab_1459838138_2_6_tab\">1964<\/a><\/li><li class=\"sc_tabs_title\"><a href=\"#sc_tab_1459838354730_3\" class=\"theme_button\" id=\"sc_tab_1459838354730_3_tab\">1987<\/a><\/li><li class=\"sc_tabs_title\"><a href=\"#sc_tab_1459838608633_0\" class=\"theme_button\" id=\"sc_tab_1459838608633_0_tab\">2007<\/a><\/li><li class=\"sc_tabs_title last\"><a href=\"#sc_tab_1459838648969_4\" class=\"theme_button\" id=\"sc_tab_1459838648969_4_tab\">2016<\/a><\/li><\/ul><div id=\"sc_tab_1459838138_1_77\" class=\"sc_tabs_content odd first\">[vc_column_text]Cegasa comienza como fabricante en Espa\u00f1a de pilas de tecnolog\u00eda salina y de bi\u00f3xido de manganeso, que es materia prima importante para las pilas en el mercado internacional.[\/vc_column_text]<\/div><div id=\"sc_tab_1459838138_2_6\" class=\"sc_tabs_content even\">[vc_column_text]Se construye nueva f\u00e1brica en la ciudad de Vitoria (Espana) y se dedica tambi\u00e9n a la fabricaci\u00f3n y distribuci\u00f3n de otros productos de consumo[\/vc_column_text]<\/div><div id=\"sc_tab_1459838354730_3\" class=\"sc_tabs_content odd\">[vc_column_text]Poessa comienza con la distribuci\u00f3n de art\u00edculo de oficina y productos de papeler\u00eda en Espa\u00f1a[\/vc_column_text]<\/div><div id=\"sc_tab_1459838608633_0\" class=\"sc_tabs_content even\">[vc_column_text]Poessa construye almac\u00e9n en Vitoria de 17,000 m2 y el total de superficie de almacenes y f\u00e1brica mas de 90,000 m2. con una amplio catalogo de productos de consumo que se distribuyen en el sur de Europa y Africa.[\/vc_column_text]<\/div><div id=\"sc_tab_1459838648969_4\" class=\"sc_tabs_content odd\">[vc_column_text]Poessa y Cegasa se fusionan para formar uno de los mayores grupos de distribuci\u00f3n de productos de consumo en Espa\u00f1a .[\/vc_column_text]<\/div><\/div><figure class=\"sc_image  sc_image_shape_square sc_image_position_absolute\"><img decoding=\"async\" src=\"https:\/\/poessa-foods.com\/wp-content\/uploads\/2016\/03\/Poessa-colage-3.jpg\" alt=\"\" \/><\/figure><\/div><\/div><\/div><\/div><\/div><\/div>[\/vc_column][\/vc_row][vc_row full_width=\u00bbstretch_row\u00bb css=\u00bb.vc_custom_1458844971337{background-color: #c2b698 !important;}\u00bb][vc_column]<div class=\"columns_wrap sc_columns columns_nofluid sc_columns_count_3 bordered_columns margin_top_small margin_bottom_small\"><div class=\"column-1_3 sc_column_item sc_column_item_1 column_bordered odd first\" style=\"text-align:center;\"><h5 class=\"sc_title sc_title_regular\" style=\"margin-bottom: 1.3rem;color:#ffffff;\">DIRECCION<\/h5><span class=\"sc_highlight\" style=\"color:#ffffff;\">111 Shimo ogureshinden,<br \/>\nWanouchi-cho, Anpachi-Gun,&nbsp;<br \/>\nGifu, 503-0206. <em>Jap\u00f3n<\/em><\/span><\/div><div class=\"column-1_3 sc_column_item sc_column_item_2 column_bordered even\" style=\"text-align:center;\"><h5 class=\"sc_title sc_title_regular\" style=\"margin-bottom: 1.3rem;color:#ffffff;\">FACEBOOK<\/h5><div class=\"sc_socials sc_socials_type_icons sc_socials_shape_round sc_socials_size_tiny light_socials margin_bottom_tiny\"><div class=\"sc_socials_item\"><a href=\"https:\/\/www.facebook.com\/topgourmet.poessajapan.co?fref=ts\" target=\"_blank\" class=\"social_icons social_facebook\"><span class=\"icon-facebook\"><\/span><\/a><\/div><\/div><\/div><div class=\"column-1_3 sc_column_item sc_column_item_3 column_bordered odd\" style=\"text-align:center;\"><h5 class=\"sc_title sc_title_regular\" style=\"margin-bottom: 1.3rem;color:#ffffff;\">CONTACTO<\/h5><span class=\"sc_highlight\" style=\"color:#ffffff;\">0584-69-4382<\/p>\n<p>info@poessa-foods.com<\/span><\/div><\/div>[\/vc_column][\/vc_row]","protected":false},"excerpt":{"rendered":"<p>[vc_row css=\u00bb.vc_custom_1459769546628{margin-top: 0.7em !important;margin-bottom: 0.6em !important;}\u00bb][vc_column][\/vc_column][\/vc_row][vc_row css=\u00bb.vc_custom_1459866450633{margin-bottom: 0.3em !important;}\u00bb][vc_column][\/vc_column][\/vc_row][vc_row full_width=\u00bbstretch_row\u00bb css=\u00bb.vc_custom_1458844971337{background-color: #c2b698 !important;}\u00bb][vc_column][\/vc_column][\/vc_row]<\/p>\n","protected":false},"author":1,"featured_media":0,"parent":0,"menu_order":0,"comment_status":"closed","ping_status":"closed","template":"","meta":{"footnotes":""},"class_list":["post-398","page","type-page","status-publish","hentry"],"yoast_head":"<!-- This site is optimized with the Yoast SEO plugin v27.4 - https:\/\/yoast.com\/product\/yoast-seo-wordpress\/ -->\n<title>Empresa &#8902; Poessa Foods<\/title>\n<meta name=\"robots\" content=\"index, follow, max-snippet:-1, max-image-preview:large, max-video-preview:-1\" \/>\n<link rel=\"canonical\" href=\"https:\/\/poessa-foods.com\/es\/about-us\" \/>\n<meta property=\"og:locale\" content=\"es_ES\" \/>\n<meta property=\"og:type\" content=\"article\" \/>\n<meta property=\"og:title\" content=\"[:ja]\u4f1a\u793e\u6982[:en]About us[:es]Empresa[:zh]About us[:] &#8902; Poessa Foods\" \/>\n<meta property=\"og:description\" content=\"[vc_row css=\u00bb.vc_custom_1459769546628{margin-top: 0.7em !important;margin-bottom: 0.6em !important;}\u00bb][vc_column][\/vc_column][\/vc_row][vc_row css=\u00bb.vc_custom_1459866450633{margin-bottom: 0.3em !important;}\u00bb][vc_column][\/vc_column][\/vc_row][vc_row full_width=\u00bbstretch_row\u00bb css=\u00bb.vc_custom_1458844971337{background-color: #c2b698 !important;}\u00bb][vc_column][\/vc_column][\/vc_row]\" \/>\n<meta property=\"og:url\" content=\"https:\/\/poessa-foods.com\/es\/about-us\" \/>\n<meta property=\"og:site_name\" content=\"Poessa Foods\" \/>\n<meta property=\"article:publisher\" content=\"https:\/\/www.facebook.com\/topgourmet.poessajapan.co\" \/>\n<meta property=\"article:modified_time\" content=\"2017-03-13T16:33:32+00:00\" \/>\n<meta name=\"twitter:card\" content=\"summary_large_image\" \/>\n<meta name=\"twitter:label1\" content=\"Tiempo de lectura\" \/>\n\t<meta name=\"twitter:data1\" content=\"14 minutos\" \/>\n<script type=\"application\/ld+json\" class=\"yoast-schema-graph\">{\"@context\":\"https:\\\/\\\/schema.org\",\"@graph\":[{\"@type\":\"WebPage\",\"@id\":\"https:\\\/\\\/poessa-foods.com\\\/es\\\/about-us\",\"url\":\"https:\\\/\\\/poessa-foods.com\\\/es\\\/about-us\",\"name\":\"[:ja]\u4f1a\u793e\u6982[:en]About us[:es]Empresa[:zh]About us[:] &#8902; Poessa Foods\",\"isPartOf\":{\"@id\":\"https:\\\/\\\/poessa-foods.com\\\/#website\"},\"datePublished\":\"2016-03-25T14:48:11+00:00\",\"dateModified\":\"2017-03-13T16:33:32+00:00\",\"breadcrumb\":{\"@id\":\"https:\\\/\\\/poessa-foods.com\\\/es\\\/about-us#breadcrumb\"},\"inLanguage\":\"es\",\"potentialAction\":[{\"@type\":\"ReadAction\",\"target\":[\"https:\\\/\\\/poessa-foods.com\\\/es\\\/about-us\"]}]},{\"@type\":\"BreadcrumbList\",\"@id\":\"https:\\\/\\\/poessa-foods.com\\\/es\\\/about-us#breadcrumb\",\"itemListElement\":[{\"@type\":\"ListItem\",\"position\":1,\"name\":\"Portada\",\"item\":\"https:\\\/\\\/poessa-foods.com\\\/\"},{\"@type\":\"ListItem\",\"position\":2,\"name\":\"Empresa\"}]},{\"@type\":\"WebSite\",\"@id\":\"https:\\\/\\\/poessa-foods.com\\\/#website\",\"url\":\"https:\\\/\\\/poessa-foods.com\\\/\",\"name\":\"Poessa Foods\",\"description\":\"\",\"publisher\":{\"@id\":\"https:\\\/\\\/poessa-foods.com\\\/#organization\"},\"potentialAction\":[{\"@type\":\"SearchAction\",\"target\":{\"@type\":\"EntryPoint\",\"urlTemplate\":\"https:\\\/\\\/poessa-foods.com\\\/?s={search_term_string}\"},\"query-input\":{\"@type\":\"PropertyValueSpecification\",\"valueRequired\":true,\"valueName\":\"search_term_string\"}}],\"inLanguage\":\"es\"},{\"@type\":\"Organization\",\"@id\":\"https:\\\/\\\/poessa-foods.com\\\/#organization\",\"name\":\"Poessa Foods\",\"url\":\"https:\\\/\\\/poessa-foods.com\\\/\",\"logo\":{\"@type\":\"ImageObject\",\"inLanguage\":\"es\",\"@id\":\"https:\\\/\\\/poessa-foods.com\\\/#\\\/schema\\\/logo\\\/image\\\/\",\"url\":\"https:\\\/\\\/poessa-foods.com\\\/wp-content\\\/uploads\\\/2016\\\/12\\\/favicon.png\",\"contentUrl\":\"https:\\\/\\\/poessa-foods.com\\\/wp-content\\\/uploads\\\/2016\\\/12\\\/favicon.png\",\"width\":100,\"height\":109,\"caption\":\"Poessa Foods\"},\"image\":{\"@id\":\"https:\\\/\\\/poessa-foods.com\\\/#\\\/schema\\\/logo\\\/image\\\/\"},\"sameAs\":[\"https:\\\/\\\/www.facebook.com\\\/topgourmet.poessajapan.co\"]}]}<\/script>\n<!-- \/ Yoast SEO plugin. -->","yoast_head_json":{"title":"[:ja]\u4f1a\u793e\u6982[:en]About us[:es]Empresa[:zh]About us[:] &#8902; Poessa Foods","robots":{"index":"index","follow":"follow","max-snippet":"max-snippet:-1","max-image-preview":"max-image-preview:large","max-video-preview":"max-video-preview:-1"},"canonical":"https:\/\/poessa-foods.com\/es\/about-us","og_locale":"es_ES","og_type":"article","og_title":"[:ja]\u4f1a\u793e\u6982[:en]About us[:es]Empresa[:zh]About us[:] &#8902; Poessa Foods","og_description":"[vc_row css=\u00bb.vc_custom_1459769546628{margin-top: 0.7em !important;margin-bottom: 0.6em !important;}\u00bb][vc_column][\/vc_column][\/vc_row][vc_row css=\u00bb.vc_custom_1459866450633{margin-bottom: 0.3em !important;}\u00bb][vc_column][\/vc_column][\/vc_row][vc_row full_width=\u00bbstretch_row\u00bb css=\u00bb.vc_custom_1458844971337{background-color: #c2b698 !important;}\u00bb][vc_column][\/vc_column][\/vc_row]","og_url":"https:\/\/poessa-foods.com\/es\/about-us","og_site_name":"Poessa Foods","article_publisher":"https:\/\/www.facebook.com\/topgourmet.poessajapan.co","article_modified_time":"2017-03-13T16:33:32+00:00","twitter_card":"summary_large_image","twitter_misc":{"Tiempo de lectura":"14 minutos"},"schema":{"@context":"https:\/\/schema.org","@graph":[{"@type":"WebPage","@id":"https:\/\/poessa-foods.com\/es\/about-us","url":"https:\/\/poessa-foods.com\/es\/about-us","name":"[:ja]\u4f1a\u793e\u6982[:en]About us[:es]Empresa[:zh]About us[:] &#8902; Poessa Foods","isPartOf":{"@id":"https:\/\/poessa-foods.com\/#website"},"datePublished":"2016-03-25T14:48:11+00:00","dateModified":"2017-03-13T16:33:32+00:00","breadcrumb":{"@id":"https:\/\/poessa-foods.com\/es\/about-us#breadcrumb"},"inLanguage":"es","potentialAction":[{"@type":"ReadAction","target":["https:\/\/poessa-foods.com\/es\/about-us"]}]},{"@type":"BreadcrumbList","@id":"https:\/\/poessa-foods.com\/es\/about-us#breadcrumb","itemListElement":[{"@type":"ListItem","position":1,"name":"Portada","item":"https:\/\/poessa-foods.com\/"},{"@type":"ListItem","position":2,"name":"Empresa"}]},{"@type":"WebSite","@id":"https:\/\/poessa-foods.com\/#website","url":"https:\/\/poessa-foods.com\/","name":"Poessa Foods","description":"","publisher":{"@id":"https:\/\/poessa-foods.com\/#organization"},"potentialAction":[{"@type":"SearchAction","target":{"@type":"EntryPoint","urlTemplate":"https:\/\/poessa-foods.com\/?s={search_term_string}"},"query-input":{"@type":"PropertyValueSpecification","valueRequired":true,"valueName":"search_term_string"}}],"inLanguage":"es"},{"@type":"Organization","@id":"https:\/\/poessa-foods.com\/#organization","name":"Poessa Foods","url":"https:\/\/poessa-foods.com\/","logo":{"@type":"ImageObject","inLanguage":"es","@id":"https:\/\/poessa-foods.com\/#\/schema\/logo\/image\/","url":"https:\/\/poessa-foods.com\/wp-content\/uploads\/2016\/12\/favicon.png","contentUrl":"https:\/\/poessa-foods.com\/wp-content\/uploads\/2016\/12\/favicon.png","width":100,"height":109,"caption":"Poessa Foods"},"image":{"@id":"https:\/\/poessa-foods.com\/#\/schema\/logo\/image\/"},"sameAs":["https:\/\/www.facebook.com\/topgourmet.poessajapan.co"]}]}},"_links":{"self":[{"href":"https:\/\/poessa-foods.com\/es\/wp-json\/wp\/v2\/pages\/398","targetHints":{"allow":["GET"]}}],"collection":[{"href":"https:\/\/poessa-foods.com\/es\/wp-json\/wp\/v2\/pages"}],"about":[{"href":"https:\/\/poessa-foods.com\/es\/wp-json\/wp\/v2\/types\/page"}],"author":[{"embeddable":true,"href":"https:\/\/poessa-foods.com\/es\/wp-json\/wp\/v2\/users\/1"}],"replies":[{"embeddable":true,"href":"https:\/\/poessa-foods.com\/es\/wp-json\/wp\/v2\/comments?post=398"}],"version-history":[{"count":28,"href":"https:\/\/poessa-foods.com\/es\/wp-json\/wp\/v2\/pages\/398\/revisions"}],"predecessor-version":[{"id":2206,"href":"https:\/\/poessa-foods.com\/es\/wp-json\/wp\/v2\/pages\/398\/revisions\/2206"}],"wp:attachment":[{"href":"https:\/\/poessa-foods.com\/es\/wp-json\/wp\/v2\/media?parent=398"}],"curies":[{"name":"wp","href":"https:\/\/api.w.org\/{rel}","templated":true}]}}